{"id":998,"date":"2022-06-08T10:02:00","date_gmt":"2022-06-08T10:02:00","guid":{"rendered":"https:\/\/meridianoperdido.com\/privacy-policy\/"},"modified":"2022-06-29T07:22:36","modified_gmt":"2022-06-29T07:22:36","slug":"privacy-policy","status":"publish","type":"page","link":"https:\/\/meridianoperdido.com\/en\/privacy-policy\/","title":{"rendered":"Privacy Policy"},"content":{"rendered":"<div class=\"wpb-content-wrapper\">[vc_section full_width=&#8221;stretch_row&#8221; content_placement=&#8221;middle&#8221; pix_over_visibility=&#8221;&#8221; css=&#8221;.vc_custom_1655209031516{padding-top: 5% !important;background-position: center !important;background-repeat: no-repeat !important;background-size: cover !important;}&#8221; b_custom_height=&#8221;650px&#8221;][vc_row full_width=&#8221;stretch_row&#8221; equal_height=&#8221;yes&#8221; content_placement=&#8221;middle&#8221; pix_particles_check=&#8221;&#8221;][vc_column css=&#8221;.vc_custom_1653478436173{padding-top: 20px !important;padding-right: 9% !important;padding-bottom: 20px !important;padding-left: 9% !important;}&#8221;]<div id=\"el1655208982260-0b004a47-11b4\" class=\"w-100 d-block \"><\/div><div id=\"el1653473156716-c214caf7-87a9\" class=\"mb-3 text-center \"><h2 class=\"mb-32 pix-sliding-headline-2 animate-in font-weight-bold secondary-font \" data-anim-type=\"pix-sliding-text\" data-class=\"secondary-font text-heading-default\" style=\"\"><span class=\"slide-in-container \"><span class=\"pix-sliding-item secondary-font text-heading-default\" style=\"transition-delay: 0ms;\">Privacy&#32;<\/span><\/span> <span class=\"slide-in-container \"><span class=\"pix-sliding-item secondary-font text-heading-default\" style=\"transition-delay: 150ms;\">Policy&#32;<\/span><\/span> <\/h2><\/div>[\/vc_column][\/vc_row][vc_row full_width=&#8221;stretch_row&#8221; equal_height=&#8221;yes&#8221; content_placement=&#8221;middle&#8221; pix_particles_check=&#8221;&#8221; css=&#8221;.vc_custom_1654682164768{margin-bottom: 50px !important;}&#8221;][vc_column css=&#8221;.vc_custom_1653478428083{padding-right: 9% !important;padding-left: 9% !important;}&#8221;]<div id=\"el1653473028367-2ab339f1-345e\" class=\"w-100 d-block \"><\/div>[vc_column_text]\r\n<p class=\"p1\"><span style=\"color: #7a777b;\">BASIC INFORMATION ON DATA PROTECTION<\/span><\/p>\r\n&nbsp;\r\n<h5 class=\"p1\"><span style=\"color: #7a777b;\">1.1 \u2013 Who is the owner of this website?<\/span><\/h5>\r\n<p class=\"p1\"><span style=\"color: #7a777b;\">\r\nIdentity MERIDIANO PERDIDO SL \u2013 Company Tax No. : B11707494<\/span><\/p>\r\n<p class=\"p1\"><span style=\"color: #7a777b;\">Registration Details &#8211; Registro Mercantil de C\u00e1diz, Tomo 1133, Folio 6, Secci\u00f3n 8, Hoja 12769, Inscripci\u00f3n 7<\/span><\/p>\r\n<p class=\"p1\"><span style=\"color: #7a777b;\">Postal address: \u2013\u00a0 Parque Cient\u00edfico Tecnol\u00f3gico Agroindustrial, Avda. del Desarrollo Tecnol\u00f3gico, n\u00ba2, 11591 Jerez de la Frontera (C\u00e1diz)<\/span><\/p>\r\n<p class=\"p1\"><span style=\"color: #7a777b;\">Phone \u2013 956306404<\/span><\/p>\r\n<p class=\"p1\"><span style=\"color: #7a777b;\">E-mail address: \u2013\u00a0<a style=\"color: #7a777b;\" href=\"mailto:maria@productosmajuelo.com\">maria@productosmajuelo.com<\/a><\/span><\/p>\r\n<p class=\"p2\"><span class=\"Apple-converted-space\" style=\"color: #7a777b;\">\u00a0<\/span><\/p>\r\n\r\n<h5 class=\"p1\"><span style=\"color: #7a777b;\">1.2 Who is responsible for the processing of your personal data?<\/span><\/h5>\r\n<p class=\"p1\"><span style=\"color: #7a777b;\">\r\nIdentity MERIDIANO PERDIDO SL \u2013 Company Tax No. : B11707494<\/span><\/p>\r\n<p class=\"p1\"><span style=\"color: #7a777b;\">Registration Details \u2013\u00a0Registro Mercantil de C\u00e1diz, Tomo 1133, Folio 6, Secci\u00f3n 8, Hoja 12769, Inscripci\u00f3n 7<\/span><\/p>\r\n<p class=\"p1\"><span style=\"color: #7a777b;\">Postal address: \u2013\u00a0 Parque Cient\u00edfico Tecnol\u00f3gico Agroindustrial, Avda. del Desarrollo Tecnol\u00f3gico, n\u00ba2, 11591 Jerez de la Frontera (C\u00e1diz)<\/span><\/p>\r\n<p class=\"p1\"><span style=\"color: #7a777b;\">Phone \u2013 956306404<\/span><\/p>\r\n<p class=\"p1\"><span style=\"color: #7a777b;\">E-mail address: \u2013\u00a0<a style=\"color: #7a777b;\" href=\"mailto:maria@productosmajuelo.com\">maria@productosmajuelo.com<\/a><\/span><\/p>\r\n<p class=\"p2\"><span class=\"Apple-converted-space\" style=\"color: #7a777b;\">\u00a0<\/span><\/p>\r\n\r\n<h5 class=\"p1\"><span style=\"color: #7a777b;\"><span class=\"Apple-converted-space\">\u00a0<\/span>1.3 Why do we process your personal data and how long do we keep it?<\/span><\/h5>\r\n<p class=\"p1\"><span style=\"color: #7a777b;\">\r\nThe company shall process your personal data exclusively for specific, explicit and legitimate purposes, and it shall not be processed in a manner incompatible with those purposes.<\/span><\/p>\r\n<p class=\"p1\"><span style=\"color: #7a777b;\"><strong>Purpose<\/strong><\/span><\/p>\r\n<p class=\"p1\"><span style=\"color: #7a777b;\">Purpose 1: for all users. The management, study and resolution of queries made through the web<\/span><\/p>\r\n<p class=\"p1\"><span style=\"color: #7a777b;\">Purpose 2: for users who send us their CV. The management of personnel selection processes.<\/span><\/p>\r\n<p class=\"p1\"><span style=\"color: #7a777b;\">The company will retain your personal data for the time necessary according to the information provided and the retention periods set out in applicable regulations.\r\n<\/span><\/p>\r\n<p class=\"p2\"><span class=\"Apple-converted-space\" style=\"color: #7a777b;\">\u00a0<\/span><\/p>\r\n\r\n<h5 class=\"p1\"><span style=\"color: #7a777b;\">1.4 What are the legal grounds for the processing of your data?<\/span><\/h5>\r\n<p class=\"p1\"><span style=\"color: #7a777b;\">\r\nThe legal basis for the processing of your data is the consent you give us by checking the box in which you accept our privacy policy.<\/span><\/p>\r\n<p class=\"p2\"><span class=\"Apple-converted-space\" style=\"color: #7a777b;\">\u00a0<\/span><\/p>\r\n\r\n<h5 class=\"p1\"><span style=\"color: #7a777b;\">1.5 \u00bfWith which recipients will your data be shared?<\/span><\/h5>\r\n<p class=\"p1\"><span style=\"color: #7a777b;\">\r\nThe data will be shared with the following companies and for the following purposes:<\/span><\/p>\r\n<p class=\"p1\"><span style=\"color: #7a777b;\"><b><strong>Recipients:<\/strong><\/b>\u00a0<\/span><span style=\"color: #7a777b;\">PIXERAMA WEB Y BRANDING, S.L.\u2013 CIF: B11969425 <\/span><\/p>\r\n<p class=\"p1\"><span style=\"color: #7a777b;\"><b><strong>Purpose: <\/strong><\/b>Company in charge of the maintenance and programming of our website.<b><strong>\r\n<\/strong><\/b><\/span><\/p>\r\n<p class=\"p2\"><span class=\"Apple-converted-space\" style=\"color: #7a777b;\">\u00a0<\/span><\/p>\r\n\r\n<h5 class=\"p1\"><span style=\"color: #7a777b;\">1.6 What are your rights when you provide us with your data?<\/span><\/h5>\r\n<p class=\"p1\"><span style=\"color: #7a777b;\">\r\nAnyone has the right to obtain confirmation as to whether the company is processing personal data that concerns them, or not.<\/span><\/p>\r\n<p class=\"p1\"><span style=\"color: #7a777b;\">Specifically, you can contact the company at its postal address or the email address provided in this document in order to exercise the following rights:<\/span><\/p>\r\n<p class=\"p1\"><span style=\"color: #7a777b;\">The right to request access personal data concerning the interested party.<\/span><\/p>\r\n<p class=\"p1\"><span style=\"color: #7a777b;\">The right to request its rectification or deletion.<\/span><\/p>\r\n<p class=\"p1\"><span style=\"color: #7a777b;\">The right to request the limitation of its processing.<\/span><\/p>\r\n<p class=\"p1\"><span style=\"color: #7a777b;\">The right to object to processing.<\/span><\/p>\r\n<p class=\"p1\"><span style=\"color: #7a777b;\">The right to data portability.<\/span><\/p>\r\n<p class=\"p1\"><span style=\"color: #7a777b;\">You can request the forms required to exercise these rights by sending an email to the email address provided in this document.<\/span><\/p>\r\n<p class=\"p1\"><span style=\"color: #7a777b;\">Given the very personal nature of the exercising of any of these rights, you must attach a copy of your identity card or equivalent supporting document to the request.<\/span><\/p>\r\n<p class=\"p1\"><span style=\"color: #7a777b;\">You can contact the Spanish Data Protection Agency in order to obtain additional information about your rights or file a claim with it, especially when you are not satisfied with the outcome after exercising your rights. All relevant information concerning this can be accessed through the Web www.agpd.es<\/span><\/p>\r\n[\/vc_column_text][\/vc_column][\/vc_row][\/vc_section]<\/div>","protected":false},"excerpt":{"rendered":"[vc_section full_width=&#8221;stretch_row&#8221; content_placement=&#8221;middle&#8221; pix_over_visibility=&#8221;&#8221; css=&#8221;.vc_custom_1655209031516{padding-top: 5% !important;background-position: center !important;background-repeat: no-repeat !important;background-size: cover !important;}&#8221; b_custom_height=&#8221;650px&#8221;][vc_row full_width=&#8221;stretch_row&#8221; equal_height=&#8221;yes&#8221; content_placement=&#8221;middle&#8221; pix_particles_check=&#8221;&#8221;][vc_column css=&#8221;.vc_custom_1653478436173{padding-top: 20px !important;padding-right: 9% !important;padding-bottom: 20px !important;padding-left: 9% !important;}&#8221;][\/vc_column][\/vc_row][vc_row full_width=&#8221;stretch_row&#8221; equal_height=&#8221;yes&#8221; content_placement=&#8221;middle&#8221; pix_particles_check=&#8221;&#8221; css=&#8221;.vc_custom_1654682164768{margin-bottom: 50px !important;}&#8221;][vc_column css=&#8221;.vc_custom_1653478428083{padding-right: 9% !important;padding-left: 9% !important;}&#8221;][vc_column_text] BASIC&#8230;","protected":false},"author":2,"featured_media":0,"parent":0,"menu_order":0,"comment_status":"closed","ping_status":"closed","template":"","meta":{"footnotes":""},"class_list":["post-998","page","type-page","status-publish","hentry"],"_links":{"self":[{"href":"https:\/\/meridianoperdido.com\/en\/wp-json\/wp\/v2\/pages\/998","targetHints":{"allow":["GET"]}}],"collection":[{"href":"https:\/\/meridianoperdido.com\/en\/wp-json\/wp\/v2\/pages"}],"about":[{"href":"https:\/\/meridianoperdido.com\/en\/wp-json\/wp\/v2\/types\/page"}],"author":[{"embeddable":true,"href":"https:\/\/meridianoperdido.com\/en\/wp-json\/wp\/v2\/users\/2"}],"replies":[{"embeddable":true,"href":"https:\/\/meridianoperdido.com\/en\/wp-json\/wp\/v2\/comments?post=998"}],"version-history":[{"count":6,"href":"https:\/\/meridianoperdido.com\/en\/wp-json\/wp\/v2\/pages\/998\/revisions"}],"predecessor-version":[{"id":1027,"href":"https:\/\/meridianoperdido.com\/en\/wp-json\/wp\/v2\/pages\/998\/revisions\/1027"}],"wp:attachment":[{"href":"https:\/\/meridianoperdido.com\/en\/wp-json\/wp\/v2\/media?parent=998"}],"curies":[{"name":"wp","href":"https:\/\/api.w.org\/{rel}","templated":true}]}}